{"id":903,"date":"2025-09-08T14:18:38","date_gmt":"2025-09-08T12:18:38","guid":{"rendered":"https:\/\/www.eisa.de\/?page_id=903"},"modified":"2025-09-08T14:19:02","modified_gmt":"2025-09-08T12:19:02","slug":"general-terms-and-conditions","status":"publish","type":"page","link":"https:\/\/www.eisa.de\/en\/general-terms-and-conditions\/","title":{"rendered":"general terms and conditions"},"content":{"rendered":"<p><div class=\"fusion-fullwidth fullwidth-box fusion-builder-row-1 fusion-flex-container nonhundred-percent-fullwidth non-hundred-percent-height-scrolling\" style=\"--awb-border-radius-top-left:0px;--awb-border-radius-top-right:0px;--awb-border-radius-bottom-right:0px;--awb-border-radius-bottom-left:0px;--awb-flex-wrap:wrap;\" ><div class=\"fusion-builder-row fusion-row fusion-flex-align-items-center fusion-flex-content-wrap\" style=\"max-width:1248px;margin-left: calc(-4% \/ 2 );margin-right: calc(-4% \/ 2 );\"><div class=\"fusion-layout-column fusion_builder_column fusion-builder-column-0 fusion_builder_column_1_1 1_1 fusion-flex-column\" style=\"--awb-bg-size:cover;--awb-width-large:100%;--awb-margin-top-large:0px;--awb-spacing-right-large:1.92%;--awb-margin-bottom-large:0px;--awb-spacing-left-large:1.92%;--awb-width-medium:100%;--awb-order-medium:0;--awb-spacing-right-medium:1.92%;--awb-spacing-left-medium:1.92%;--awb-width-small:100%;--awb-order-small:0;--awb-spacing-right-small:1.92%;--awb-spacing-left-small:1.92%;\"><div class=\"fusion-column-wrapper fusion-column-has-shadow fusion-flex-justify-content-flex-start fusion-content-layout-column\"><div class=\"fusion-separator fusion-full-width-sep\" style=\"align-self: center;margin-left: auto;margin-right: auto;width:100%;\"><div class=\"fusion-separator-border sep-single\" style=\"--awb-height:20px;--awb-amount:20px;border-color:#3c555a;border-top-width:2px;\"><\/div><\/div><\/div><\/div><div class=\"fusion-layout-column fusion_builder_column fusion-builder-column-1 fusion_builder_column_1_1 1_1 fusion-flex-column\" style=\"--awb-bg-size:cover;--awb-width-large:100%;--awb-margin-top-large:0px;--awb-spacing-right-large:1.92%;--awb-margin-bottom-large:0px;--awb-spacing-left-large:1.92%;--awb-width-medium:100%;--awb-order-medium:0;--awb-spacing-right-medium:1.92%;--awb-spacing-left-medium:1.92%;--awb-width-small:100%;--awb-order-small:0;--awb-spacing-right-small:1.92%;--awb-spacing-left-small:1.92%;\"><div class=\"fusion-column-wrapper fusion-column-has-shadow fusion-flex-justify-content-flex-start fusion-content-layout-column\"><div class=\"fusion-title title fusion-title-1 fusion-sep-none fusion-title-text fusion-title-size-one\"><h1 class=\"fusion-title-heading title-heading-left\" style=\"margin:0;\">Delivery and Payment Terms of Eisa-Sachsen GmbH<\/h1><\/div><\/div><\/div><div class=\"fusion-layout-column fusion_builder_column fusion-builder-column-2 fusion_builder_column_1_1 1_1 fusion-flex-column\" style=\"--awb-bg-size:cover;--awb-width-large:100%;--awb-margin-top-large:0px;--awb-spacing-right-large:1.92%;--awb-margin-bottom-large:0px;--awb-spacing-left-large:1.92%;--awb-width-medium:100%;--awb-order-medium:0;--awb-spacing-right-medium:1.92%;--awb-spacing-left-medium:1.92%;--awb-width-small:100%;--awb-order-small:0;--awb-spacing-right-small:1.92%;--awb-spacing-left-small:1.92%;\"><div class=\"fusion-column-wrapper fusion-column-has-shadow fusion-flex-justify-content-flex-start fusion-content-layout-column\"><div class=\"fusion-separator fusion-full-width-sep\" style=\"align-self: center;margin-left: auto;margin-right: auto;margin-bottom:45px;width:100%;\"><div class=\"fusion-separator-border sep-single\" style=\"--awb-height:20px;--awb-amount:20px;border-color:#3c555a;border-top-width:2px;\"><\/div><\/div><\/div><\/div><\/div><\/div><div class=\"fusion-fullwidth fullwidth-box fusion-builder-row-2 fusion-flex-container nonhundred-percent-fullwidth non-hundred-percent-height-scrolling\" style=\"--awb-border-radius-top-left:0px;--awb-border-radius-top-right:0px;--awb-border-radius-bottom-right:0px;--awb-border-radius-bottom-left:0px;--awb-flex-wrap:wrap;\" ><div class=\"fusion-builder-row fusion-row fusion-flex-align-items-flex-start fusion-flex-content-wrap\" style=\"max-width:1248px;margin-left: calc(-4% \/ 2 );margin-right: calc(-4% \/ 2 );\"><div class=\"fusion-layout-column fusion_builder_column fusion-builder-column-3 fusion_builder_column_2_3 2_3 fusion-flex-column fusion-flex-align-self-flex-start\" style=\"--awb-bg-size:cover;--awb-width-large:66.666666666667%;--awb-margin-top-large:0px;--awb-spacing-right-large:2.88%;--awb-margin-bottom-large:0px;--awb-spacing-left-large:2.88%;--awb-width-medium:66.666666666667%;--awb-order-medium:0;--awb-spacing-right-medium:2.88%;--awb-spacing-left-medium:2.88%;--awb-width-small:100%;--awb-order-small:0;--awb-margin-top-small:35px;--awb-spacing-right-small:1.92%;--awb-spacing-left-small:1.92%;\"><div class=\"fusion-column-wrapper fusion-column-has-shadow fusion-flex-justify-content-flex-start fusion-content-layout-column\"><div class=\"fusion-text fusion-text-1\"><ol>\n<li>Unsere nachstehenden Lieferungs- und Zahlungsbedingungen sind Vertragsbestandteil s\u00e4mtlicher mit uns abgeschlossener Liefervertr\u00e4ge. Sie gelten auch dann, wenn sie nicht besonders schriftlich best\u00e4tigt worden sind. Abweichungen gelten nur dann, wenn wir sie ausdr\u00fccklich schriftlich best\u00e4tigt haben. Abweichende Bedingungen des K\u00e4ufers sind auch dann ausgeschlossen, wenn sie uns schriftlich best\u00e4tigt worden sind und wir Ihnen nicht widersprechen.<\/li>\n<li>F\u00fcr s\u00e4mtliche Liefervertr\u00e4ge gelten die vom Deutschen Raiffeisenverband e.V. und dem Zentralverband bekanntgegebenen \u201eAllgemeinen Gesch\u00e4ftsbedingungen f\u00fcr das gro\u00dfhandelsm\u00e4\u00dfige Handeln mit Eiern\u201c in der jeweils g\u00fcltigen Fassung und die nachfolgenden Erg\u00e4nzungen. Die in diesen Bedingungen enthaltenen Schiedsgerichtsvereinbarungen gelten nicht.<\/li>\n<li><strong>Zahlung:<\/strong> Nach Erhalt der Ware netto Kasse<\/li>\n<li>Bei Zahlungsverzug sind wir berechtigt, bank\u00fcbliche Zinsen zu berechnen.<\/li>\n<li><strong>Eigentumsvorbehalt<\/strong><br \/>\nAlle von uns gelieferten Waren bleiben \u2013 auch im Falle der Weiterver\u00e4u\u00dferung \u2013 bis zur vollst\u00e4ndigen Bezahlung unserer s\u00e4mtlichen Forderungen aus der Gesch\u00e4ftsverbindung unser Eigentum, auch so weit Forderungen erst nach Lieferung entstehen oder wenn Zahlungen f\u00fcr bestimmte Lieferungen erfolgen. Der K\u00e4ufer ist verpflichtet, die gelieferte Ware bis zur Bezahlung s\u00e4mtlicher Forderungen aus der Gesch\u00e4ftsverbindung von anderen Best\u00e4nden getrennt zu halten und als unser Eigentum deutlich zu kennzeichnen. Bei einer Weiterver\u00e4u\u00dferung der Ware hat er die gleiche Verpflichtung seinem K\u00e4ufer aufzuerlegen, sich von der Einhaltung dieser Verpflichtung zu \u00fcberzeugen und uns von der Verletzung dieser Verpflichtung unverz\u00fcglich zu benachrichtigen.<br \/>\nWird die von uns unter Eigentumsvorbehalt gelieferte Ware weiterverarbeitet, so erfolgt die Weiterverarbeitung f\u00fcr uns. Wird unser Eigentum mit anderen Waren vermischt, erwerben wir Miteigentum im Verh\u00e4ltnis des Rechnungswertes der von uns gelieferten Ware zu dem Wert der mit unserem Eigentum vermischten Fremdware.<br \/>\nDer K\u00e4ufer ist zur Verpf\u00e4ndung oder Sicherungs\u00fcbereignung unserer Ware nicht berechtigt. Etwaige Pf\u00e4ndungen unseres Eigentums durch Dritte sind uns unverz\u00fcglich anzuzeigen.<br \/>\nBei Weiterlieferung oder Weiterverarbeitung unseres Vorbehaltseigentums tritt der K\u00e4ufer schon jetzt seine Forderung aus dem Vertrag mit dem Dritten, der die Vorbehaltsware erh\u00e4lt an uns ab. Die Abtretung erfolgt in H\u00f6he des Rechnungsbetrages unserer Lieferung. Die abgetretene Forderung dient zur Sicherheit unserer jeweiligen Gesamtforderung. Wir sind berechtigt, die Abtretung den Schuldnern anzuzeigen.<\/li>\n<li>Das Transportrisiko tr\u00e4gt ab Versandstation der K\u00e4ufer, auch bei frachtfreien Lieferungen.<\/li>\n<li>Die Reklamationsfrist f\u00fcr die Ware betr\u00e4gt 24 Stunden nach Lieferung.<\/li>\n<li>Sollten wir durch h\u00f6here Gewalt nicht in der Lage sein, den Liefertermin oder die Lieferung einzuhalten, so sind wir nicht schadensersatzpflichtig.<\/li>\n<li>Erf\u00fcllungsort f\u00fcr Lieferung und Zahlung ist Brand-Erbisdorf. Gerichtsstand ist Chemnitz.<\/li>\n<\/ol>\n<p>Die allgemeinen Gesch\u00e4ftsbedingungen der Eisa-Sachsen GmbH werden von mir anerkannt.<\/p>\n<\/div><\/div><\/div><\/div><\/div><\/p>\n","protected":false},"excerpt":{"rendered":"","protected":false},"author":3,"featured_media":0,"parent":0,"menu_order":0,"comment_status":"closed","ping_status":"closed","template":"","meta":{"inline_featured_image":false,"footnotes":""},"class_list":["post-903","page","type-page","status-publish","hentry"],"yoast_head":"<!-- This site is optimized with the Yoast SEO plugin v27.4 - https:\/\/yoast.com\/product\/yoast-seo-wordpress\/ -->\n<title>general terms and conditions - EISA-Sachsen GmbH<\/title>\n<meta name=\"robots\" content=\"index, follow, max-snippet:-1, max-image-preview:large, max-video-preview:-1\" \/>\n<link rel=\"canonical\" href=\"https:\/\/www.eisa.de\/en\/general-terms-and-conditions\/\" \/>\n<meta property=\"og:locale\" content=\"en_US\" \/>\n<meta property=\"og:type\" content=\"article\" \/>\n<meta property=\"og:title\" content=\"general terms and conditions - EISA-Sachsen GmbH\" \/>\n<meta property=\"og:url\" content=\"https:\/\/www.eisa.de\/en\/general-terms-and-conditions\/\" \/>\n<meta property=\"og:site_name\" content=\"EISA-Sachsen GmbH\" \/>\n<meta property=\"article:modified_time\" content=\"2025-09-08T12:19:02+00:00\" \/>\n<meta name=\"twitter:card\" content=\"summary_large_image\" \/>\n<meta name=\"twitter:label1\" content=\"Est. reading time\" \/>\n\t<meta name=\"twitter:data1\" content=\"3 minutes\" \/>\n<script type=\"application\/ld+json\" class=\"yoast-schema-graph\">{\"@context\":\"https:\\\/\\\/schema.org\",\"@graph\":[{\"@type\":\"WebPage\",\"@id\":\"https:\\\/\\\/www.eisa.de\\\/en\\\/general-terms-and-conditions\\\/\",\"url\":\"https:\\\/\\\/www.eisa.de\\\/en\\\/general-terms-and-conditions\\\/\",\"name\":\"general terms and conditions - EISA-Sachsen GmbH\",\"isPartOf\":{\"@id\":\"https:\\\/\\\/www.eisa.de\\\/en\\\/#website\"},\"datePublished\":\"2025-09-08T12:18:38+00:00\",\"dateModified\":\"2025-09-08T12:19:02+00:00\",\"breadcrumb\":{\"@id\":\"https:\\\/\\\/www.eisa.de\\\/en\\\/general-terms-and-conditions\\\/#breadcrumb\"},\"inLanguage\":\"en-US\",\"potentialAction\":[{\"@type\":\"ReadAction\",\"target\":[\"https:\\\/\\\/www.eisa.de\\\/en\\\/general-terms-and-conditions\\\/\"]}]},{\"@type\":\"BreadcrumbList\",\"@id\":\"https:\\\/\\\/www.eisa.de\\\/en\\\/general-terms-and-conditions\\\/#breadcrumb\",\"itemListElement\":[{\"@type\":\"ListItem\",\"position\":1,\"name\":\"Startseite\",\"item\":\"https:\\\/\\\/www.eisa.de\\\/en\\\/\"},{\"@type\":\"ListItem\",\"position\":2,\"name\":\"general terms and conditions\"}]},{\"@type\":\"WebSite\",\"@id\":\"https:\\\/\\\/www.eisa.de\\\/en\\\/#website\",\"url\":\"https:\\\/\\\/www.eisa.de\\\/en\\\/\",\"name\":\"EISA-Sachsen GmbH\",\"description\":\"\",\"potentialAction\":[{\"@type\":\"SearchAction\",\"target\":{\"@type\":\"EntryPoint\",\"urlTemplate\":\"https:\\\/\\\/www.eisa.de\\\/en\\\/?s={search_term_string}\"},\"query-input\":{\"@type\":\"PropertyValueSpecification\",\"valueRequired\":true,\"valueName\":\"search_term_string\"}}],\"inLanguage\":\"en-US\"}]}<\/script>\n<!-- \/ Yoast SEO plugin. -->","yoast_head_json":{"title":"general terms and conditions - EISA-Sachsen GmbH","robots":{"index":"index","follow":"follow","max-snippet":"max-snippet:-1","max-image-preview":"max-image-preview:large","max-video-preview":"max-video-preview:-1"},"canonical":"https:\/\/www.eisa.de\/en\/general-terms-and-conditions\/","og_locale":"en_US","og_type":"article","og_title":"general terms and conditions - EISA-Sachsen GmbH","og_url":"https:\/\/www.eisa.de\/en\/general-terms-and-conditions\/","og_site_name":"EISA-Sachsen GmbH","article_modified_time":"2025-09-08T12:19:02+00:00","twitter_card":"summary_large_image","twitter_misc":{"Est. reading time":"3 minutes"},"schema":{"@context":"https:\/\/schema.org","@graph":[{"@type":"WebPage","@id":"https:\/\/www.eisa.de\/en\/general-terms-and-conditions\/","url":"https:\/\/www.eisa.de\/en\/general-terms-and-conditions\/","name":"general terms and conditions - EISA-Sachsen GmbH","isPartOf":{"@id":"https:\/\/www.eisa.de\/en\/#website"},"datePublished":"2025-09-08T12:18:38+00:00","dateModified":"2025-09-08T12:19:02+00:00","breadcrumb":{"@id":"https:\/\/www.eisa.de\/en\/general-terms-and-conditions\/#breadcrumb"},"inLanguage":"en-US","potentialAction":[{"@type":"ReadAction","target":["https:\/\/www.eisa.de\/en\/general-terms-and-conditions\/"]}]},{"@type":"BreadcrumbList","@id":"https:\/\/www.eisa.de\/en\/general-terms-and-conditions\/#breadcrumb","itemListElement":[{"@type":"ListItem","position":1,"name":"Startseite","item":"https:\/\/www.eisa.de\/en\/"},{"@type":"ListItem","position":2,"name":"general terms and conditions"}]},{"@type":"WebSite","@id":"https:\/\/www.eisa.de\/en\/#website","url":"https:\/\/www.eisa.de\/en\/","name":"EISA-Sachsen GmbH","description":"","potentialAction":[{"@type":"SearchAction","target":{"@type":"EntryPoint","urlTemplate":"https:\/\/www.eisa.de\/en\/?s={search_term_string}"},"query-input":{"@type":"PropertyValueSpecification","valueRequired":true,"valueName":"search_term_string"}}],"inLanguage":"en-US"}]}},"_links":{"self":[{"href":"https:\/\/www.eisa.de\/en\/wp-json\/wp\/v2\/pages\/903","targetHints":{"allow":["GET"]}}],"collection":[{"href":"https:\/\/www.eisa.de\/en\/wp-json\/wp\/v2\/pages"}],"about":[{"href":"https:\/\/www.eisa.de\/en\/wp-json\/wp\/v2\/types\/page"}],"author":[{"embeddable":true,"href":"https:\/\/www.eisa.de\/en\/wp-json\/wp\/v2\/users\/3"}],"replies":[{"embeddable":true,"href":"https:\/\/www.eisa.de\/en\/wp-json\/wp\/v2\/comments?post=903"}],"version-history":[{"count":10,"href":"https:\/\/www.eisa.de\/en\/wp-json\/wp\/v2\/pages\/903\/revisions"}],"predecessor-version":[{"id":916,"href":"https:\/\/www.eisa.de\/en\/wp-json\/wp\/v2\/pages\/903\/revisions\/916"}],"wp:attachment":[{"href":"https:\/\/www.eisa.de\/en\/wp-json\/wp\/v2\/media?parent=903"}],"curies":[{"name":"wp","href":"https:\/\/api.w.org\/{rel}","templated":true}]}}